{"id":684,"date":"2025-07-24T17:03:14","date_gmt":"2025-07-24T17:03:14","guid":{"rendered":"https:\/\/luftzeiten.de\/?page_id=684"},"modified":"2026-01-27T07:57:58","modified_gmt":"2026-01-27T07:57:58","slug":"impressum","status":"publish","type":"page","link":"https:\/\/luftzeiten.de\/en\/impressum\/","title":{"rendered":"Imprint"},"content":{"rendered":"<div data-elementor-type=\"wp-page\" data-elementor-id=\"684\" class=\"elementor elementor-684\" data-elementor-post-type=\"page\">\n\t\t\t\t<div class=\"elementor-element elementor-element-20d3be48 e-flex e-con-boxed e-con e-parent\" data-id=\"20d3be48\" data-element_type=\"container\" data-e-type=\"container\" data-settings=\"{&quot;jet_parallax_layout_list&quot;:[]}\">\n\t\t\t\t\t<div class=\"e-con-inner\">\n\t\t\t\t<div class=\"elementor-element elementor-element-6e15abec e-con e-atomic-element e-flexbox-base e-6e15abec-50ea1ea\" data-id=\"6e15abec\" data-element_type=\"e-flexbox\" data-e-type=\"e-flexbox\" data-interaction-id=\"6e15abec\">\n\t\t\t\t\t\t\t<h1 \n\t\tdata-interaction-id=\"17e9c125\" \n\t\tclass=\"e-17e9c125-3a692b5 e-heading-base\" \n\t\t \n\t\tdata-e-type=\"widget\" data-id=\"17e9c125\"\n\t>\n\t\n\t\t\tImprint\n\t\t<\/h1>\n\t\t\t\t<div class=\"elementor-element elementor-element-651c6c11 elementor-widget-divider--view-line elementor-widget elementor-widget-divider\" data-id=\"651c6c11\" data-element_type=\"widget\" data-e-type=\"widget\" data-widget_type=\"divider.default\">\n\t\t\t\t\t\t\t<div class=\"elementor-divider\">\n\t\t\t<span class=\"elementor-divider-separator\">\n\t\t\t\t\t\t<\/span>\n\t\t<\/div>\n\t\t\t\t\t\t<\/div>\n\t\t\t\t<\/div>\n\t\t\t\t<div class=\"elementor-element elementor-element-6d192ba4 e-con e-atomic-element e-flexbox-base e-6d192ba4-393b5e3\" data-id=\"6d192ba4\" data-element_type=\"e-flexbox\" data-e-type=\"e-flexbox\" data-interaction-id=\"6d192ba4\">\n\t\t\t\t<div class=\"elementor-element elementor-element-1bc3e1a5 elementor-widget elementor-widget-text-editor\" data-id=\"1bc3e1a5\" data-element_type=\"widget\" data-e-type=\"widget\" data-widget_type=\"text-editor.default\">\n\t\t\t\t\t\t\t\t\t<dl class=\"terms-list\"><dt class=\"heading-6\">Responsible for the content of the website luftzeiten.de are:<\/dt><\/dl><p>\u00a0<\/p><dl class=\"terms-list\"><dd>Johannes Chalk<br \/>Ennerbachstr. 16<br \/>79674 Todtnau<br \/><br \/>Lorenz Dycke<br \/>Blauenstrasse 55<br \/>CH-4054 Basel<br \/><br \/><a href=\"tel:+4915733175396\">Tel +49 (0) 157 33 17 53 96<\/a><br \/><br \/><a href=\"mailto:info@luftzeiten.de\">info@luftzeiten.de<\/a><br \/><br \/>The contents of this website are protected by copyright. Any copying or other reproduction, linking and use requires our express written consent.<br \/>This website contains links to third-party websites (external links). The operators of these websites are expressly responsible for their liability. This declaration applies to all links on this site.<\/dd><\/dl>\t\t\t\t\t\t\t\t<\/div>\n\t\t\t\t<\/div>\n\t\t\t\t\t<\/div>\n\t\t\t\t<\/div>\n\t\t\t\t<\/div>","protected":false},"excerpt":{"rendered":"<p>Impressum Verantwortlich f\u00fcr den Inhalt der Webseite luftzeiten.de sind: Johannes ChalkEnnerbachstr. 1679674 Todtnau Lorenz DyckeBlauenstrasse 55CH-4054 Basel Tel +49 (0) 157 33 17 53 96 info@luftzeiten.de Die Inhalte dieser Website sind urheberrechtlich gesch\u00fctzt. Jede Kopie oder anderweitige Vervielf\u00e4ltigung, Verkn\u00fcpfung und Verwendung bedarf unserer ausdr\u00fccklichen und schriftlichen Zustimmung.Diese Webseite enth\u00e4lt Verkn\u00fcpfungen zu Webseiten Dritter (externen Links). [&hellip;]<\/p>\n","protected":false},"author":1,"featured_media":0,"parent":0,"menu_order":0,"comment_status":"closed","ping_status":"closed","template":"","meta":{"footnotes":""},"class_list":["post-684","page","type-page","status-publish","hentry"],"_links":{"self":[{"href":"https:\/\/luftzeiten.de\/en\/wp-json\/wp\/v2\/pages\/684","targetHints":{"allow":["GET"]}}],"collection":[{"href":"https:\/\/luftzeiten.de\/en\/wp-json\/wp\/v2\/pages"}],"about":[{"href":"https:\/\/luftzeiten.de\/en\/wp-json\/wp\/v2\/types\/page"}],"author":[{"embeddable":true,"href":"https:\/\/luftzeiten.de\/en\/wp-json\/wp\/v2\/users\/1"}],"replies":[{"embeddable":true,"href":"https:\/\/luftzeiten.de\/en\/wp-json\/wp\/v2\/comments?post=684"}],"version-history":[{"count":4,"href":"https:\/\/luftzeiten.de\/en\/wp-json\/wp\/v2\/pages\/684\/revisions"}],"predecessor-version":[{"id":1325,"href":"https:\/\/luftzeiten.de\/en\/wp-json\/wp\/v2\/pages\/684\/revisions\/1325"}],"wp:attachment":[{"href":"https:\/\/luftzeiten.de\/en\/wp-json\/wp\/v2\/media?parent=684"}],"curies":[{"name":"wp","href":"https:\/\/api.w.org\/{rel}","templated":true}]}}